{"id":1016,"date":"2019-02-05T11:17:44","date_gmt":"2019-02-05T10:17:44","guid":{"rendered":"http:\/\/www.windwood-und-co.de\/wordpress\/?page_id=1016"},"modified":"2021-11-24T12:26:33","modified_gmt":"2021-11-24T11:26:33","slug":"konzerte-gottesdienste","status":"publish","type":"page","link":"http:\/\/www.windwood-und-co.de\/wordpress\/?page_id=1016","title":{"rendered":"Konzertgottesdienste"},"content":{"rendered":"\n<h2 class=\"wp-block-heading\">am Vormittag, Nachmittag oder Abend<\/h2>\n\n\n\n<h3 class=\"wp-block-heading\">Eing\u00e4ngige Instrumentalmusik, augenzwinkernder Humor und spannende Bibelerz\u00e4hlung.<\/h3>\n\n\n\n<p>Konzertgottesdienste mit \u201eWindWood &amp; Co\u201c sind ungew\u00f6hnlich und ungew\u00f6hnlich und ungew\u00f6hnlich faszinierend! Der Geschichtenerz\u00e4hler, Pianist und Panfl\u00f6tenvirtuose Andreas Schuss und seine Ehefrau die Multi-Instrumentalistin Vanessa Feilen (Klarinette, Saxophon, Querfl\u00f6te, Viola, Mandola, Kontrabass, Percussion) haben in den letzten zehn Jahren eine Gottesdienstform entwickelt, die sich die protestantische Freiheit nimmt die klassische Liturgie zu Gunsten eines gro\u00dfen erz\u00e4hlerischen Spannungsbogen zu vereinfachen, ohne dabei die wesentlichen Elemente eines evangelischen Gottesdienstes zu vernachl\u00e4ssigen.<\/p>\n\n\n\n<p>Im Mittelpunkt des Gottesdienstes steht immer eine biblische Geschichte, die Andreas Schuss in vier bis f\u00fcnf Abschnitte unterteilt frei erz\u00e4hlt. Die ersten Erz\u00e4hlbl\u00f6cke ersetzen die biblische Lesung, der Letzte greift predigtartig erkl\u00e4rend die Botschaft der Geschichte auf. Quasi als Antwort auf Gottes Botschaft bringt die Gemeinde sich mit F\u00fcrbitten, Gebeten, m\u00fcndend in das \u201eVater Unser\u201c ein und empf\u00e4ngt den Segen Gottes. Dieser Teil des Gottesdienstes wird, genauso wie Eingangsgebet, Votum und Begr\u00fc\u00dfung oft von Mitarbeiter(innen) und\/oder Geistlichen der Gemeinde \u00fcbernommen,<\/p>\n\n\n\n<p>Alle gesprochenen Teile des Gottesdiensts werden durch Instrumentalst\u00fccke verbunden, die jeweils den erz\u00e4hlten Teil musikalisch reflektieren und der Gemeinde Raum geben \u00fcber das Geh\u00f6rte nachzudenken.<\/p>\n\n\n\n<p>Eine Besonderheit bei den Bibelerz\u00e4hlgottesdiensten mit Vanessa Feilen und Andreas Schuss ist die Interaktion zwischen dem Erz\u00e4hlenden und der Gemeinde. So kommentiert Schuss die biblischen Ereignisse, zieht Parallelen zu aktuellen Geschehnissen, oder fragt z.B. die Konfirmandinnen und Konfirmanden nach ihrer Meinung. Den Bezug zwischen der biblischen Botschaft und unserer Lebenswirklichkeit herzustellen ist ihm dabei das zentrale Anliegen.<\/p>\n\n\n\n<p><a href=\"http:\/\/www.windwood-und-co.de\/wordpress\/?page_id=896\">Informationen zu der Finanzierung<\/a><\/p>\n\n\n\n<p><a href=\"http:\/\/www.windwood-und-co.de\/wordpress\/?page_id=894\">Technische Vorgaben<\/a><\/p>\n\n\n\n<p><a href=\"http:\/\/www.windwood-und-co.de\/wordpress\/?page_id=147\" data-type=\"page\" data-id=\"147\">Konzertgottesdienstablauf<\/a><\/p>\n\n\n\n<p><\/p>\n\n\n\n<p><\/p>\n","protected":false},"excerpt":{"rendered":"<p>am Vormittag, Nachmittag oder Abend Eing\u00e4ngige Instrumentalmusik, augenzwinkernder Humor und spannende Bibelerz\u00e4hlung. Konzertgottesdienste mit \u201eWindWood &amp; Co\u201c sind ungew\u00f6hnlich und ungew\u00f6hnlich und ungew\u00f6hnlich faszinierend! Der Geschichtenerz\u00e4hler, Pianist und Panfl\u00f6tenvirtuose Andreas Schuss und seine Ehefrau die Multi-Instrumentalistin Vanessa Feilen (Klarinette, Saxophon, Querfl\u00f6te, Viola, Mandola, Kontrabass, Percussion) haben in den letzten zehn<\/p>\n","protected":false},"author":1,"featured_media":0,"parent":0,"menu_order":0,"comment_status":"closed","ping_status":"closed","template":"","meta":{"footnotes":""},"class_list":["post-1016","page","type-page","status-publish","hentry"],"_links":{"self":[{"href":"http:\/\/www.windwood-und-co.de\/wordpress\/index.php?rest_route=\/wp\/v2\/pages\/1016","targetHints":{"allow":["GET"]}}],"collection":[{"href":"http:\/\/www.windwood-und-co.de\/wordpress\/index.php?rest_route=\/wp\/v2\/pages"}],"about":[{"href":"http:\/\/www.windwood-und-co.de\/wordpress\/index.php?rest_route=\/wp\/v2\/types\/page"}],"author":[{"embeddable":true,"href":"http:\/\/www.windwood-und-co.de\/wordpress\/index.php?rest_route=\/wp\/v2\/users\/1"}],"replies":[{"embeddable":true,"href":"http:\/\/www.windwood-und-co.de\/wordpress\/index.php?rest_route=%2Fwp%2Fv2%2Fcomments&post=1016"}],"version-history":[{"count":8,"href":"http:\/\/www.windwood-und-co.de\/wordpress\/index.php?rest_route=\/wp\/v2\/pages\/1016\/revisions"}],"predecessor-version":[{"id":1657,"href":"http:\/\/www.windwood-und-co.de\/wordpress\/index.php?rest_route=\/wp\/v2\/pages\/1016\/revisions\/1657"}],"wp:attachment":[{"href":"http:\/\/www.windwood-und-co.de\/wordpress\/index.php?rest_route=%2Fwp%2Fv2%2Fmedia&parent=1016"}],"curies":[{"name":"wp","href":"https:\/\/api.w.org\/{rel}","templated":true}]}}