{"id":894,"date":"2019-01-28T18:54:49","date_gmt":"2019-01-28T17:54:49","guid":{"rendered":"http:\/\/www.windwood-und-co.de\/wordpress\/?page_id=894"},"modified":"2021-11-24T12:25:49","modified_gmt":"2021-11-24T11:25:49","slug":"technische-vorgaben-fuer-lebenslinien-konzerte-gottesdienste","status":"publish","type":"page","link":"http:\/\/www.windwood-und-co.de\/wordpress\/?page_id=894","title":{"rendered":"Technische Vorgaben f\u00fcr Konzerte und Gottesdienste"},"content":{"rendered":"\n<p>Bei vielen K\u00fcnstlern gibt es eine\nlange Liste mit technischen Voraussetzungen, die vom Veranstalter\nzwingend erf\u00fcllt werden m\u00fcssen. Vanessa Feilen und Andreas Schuss\nsind da entspannter, denn das Duo ist quasi autark und ben\u00f6tigt\nprinzipiell zwingend nur eine Steckdose (220V\/6,3A) und ein wenig\nPlatz f\u00fcr die Instrumente um auftreten zu k\u00f6nnen. \n<\/p>\n\n\n\n<p>Dennoch haben sich in den vielen Jahren\nVorgaben heraus kristallisiert, die f\u00fcr ein gelungenes Konzert bzw.\neinen gelungenen Gottesdienst hilfreich sind.<\/p>\n\n\n\n<p><strong>Anfahrtsm\u00f6glichkeit\/Zugang zur Kirche <\/strong><br>Da die Musiker viele und vor allem sperrige Instrumente (Harfe\/Kontrabass\/E-Piano\/Fl\u00fcgel) mitbringen erleichtert eine gute Anfahrbarkeit des Veranstaltungsraumes das Ein- und Ausladen deutlich. Falls die Veranstaltung in einem oberen Stockwerk oder auf einer Empore stattfinden soll, sind helfende H\u00e4nde daher wichtig. Solche Fragen sollten im Vorfeld gekl\u00e4rt werden.<\/p>\n\n\n\n<p><strong> Instrumente vor Ort <\/strong><br>Wenn ein gestimmter Fl\u00fcgel oder ein gutes, gestimmtes Klavier vor Ort sind, werden diese von den Musikern gerne genutzt (Stimmung 440 \u2013 442 Hz \/ Stimmung nicht \u00e4lter als 12 Monate).  Ansonsten f\u00fchrt das Duo immer ein professionelles E-Piano mit sich.<\/p>\n\n\n\n<p><strong>Temperatur <\/strong><br>Gerade in alten Kirchen ist es im Winter schwierig eine Raumtemperatur zu erreichen, die ein ad\u00e4quates Musizieren m\u00f6glich macht. In Kirchmusikkreisen wird eine Raumtemperatur von 13-14 Grad im Auftrittsbereich al unterer Grenzwert erachtet. Mit speziellen B\u00fchnenscheinwerfern und Radialheizern kann man allerdings auch im Winter die Auftrittsfl\u00e4che temperieren. Deshalb bei evtl. Problemen rechtzeitig informieren, oder bei einem spontanen K\u00e4lteeinbruch ins Gemeindehaus ausweichen.<\/p>\n\n\n\n<p><strong>Toilette + Umkleidem\u00f6glichkeit <\/strong><br>Sollte, falls in der Kirche nicht vorhanden, so doch zumindest fu\u00dfl\u00e4ufig erreichbar sein.<\/p>\n\n\n\n<p><strong>Catering <\/strong><br>Gerade bei mehrt\u00e4gigen Konzertreisen, ist ein kleiner Imbiss vor der Veranstaltung hilfreich. Hier gibt es von der Seite der Musiker keine besonderen Vorgaben. Kuchen und Kekse sind allerdings aus Gewichtsgr\u00fcnden keine optimale Basis f\u00fcr die Versorgung auf Tournee.  <br>Bei Konzertgottesdiensten haben die K\u00fcnstler vor dem Eintreffen am  Gottesdienstort schon 2-3 Stunden Fahrt zu bew\u00e4ltigen. Ein Kaffee oder Tee und ein belegtes Br\u00f6tchen helfen wieder frisch zu werden. <\/p>\n\n\n\n<p><strong>Nachtquartier <\/strong><br>Private \u00dcbernachtungsm\u00f6glichkeiten sind eine gute Gelegenheit neue Kontakte zu kn\u00fcpfen, welche von den K\u00fcnstlern gerne angenommen wird. Allerdings sollten dann auch die Gegebenheiten dies hergeben. \u00dcbernachtungen auf Feldbetten oder auf der Couch im Wohnzimmer sind keine Option.<\/p>\n\n\n\n<p><strong>Open-Air Konzerte <\/strong><br>Konzerte im Freien sind m\u00f6glich. Auch hier sind einige Parameter, wie Regenschutz, Untergrund. B\u00fchne, Beschallungsanlage mit einzubeziehen. Die Musiker verf\u00fcgen \u00fcber ein eigene Licht- &amp; Tonanlage, die zusammen mit einem Techniker separat angemietet werden kann. Selbstverst\u00e4ndlich kann auch eine vor Ort vorhandene Anlage genutzt werden. (Bei Bedarf bitte Absprache)<\/p>\n","protected":false},"excerpt":{"rendered":"<p>Bei vielen K\u00fcnstlern gibt es eine lange Liste mit technischen Voraussetzungen, die vom Veranstalter zwingend erf\u00fcllt werden m\u00fcssen. Vanessa Feilen und Andreas Schuss sind da entspannter, denn das Duo ist quasi autark und ben\u00f6tigt prinzipiell zwingend nur eine Steckdose (220V\/6,3A) und ein wenig Platz f\u00fcr die Instrumente um auftreten zu<\/p>\n","protected":false},"author":1,"featured_media":0,"parent":0,"menu_order":0,"comment_status":"closed","ping_status":"closed","template":"","meta":{"footnotes":""},"class_list":["post-894","page","type-page","status-publish","hentry"],"_links":{"self":[{"href":"http:\/\/www.windwood-und-co.de\/wordpress\/index.php?rest_route=\/wp\/v2\/pages\/894","targetHints":{"allow":["GET"]}}],"collection":[{"href":"http:\/\/www.windwood-und-co.de\/wordpress\/index.php?rest_route=\/wp\/v2\/pages"}],"about":[{"href":"http:\/\/www.windwood-und-co.de\/wordpress\/index.php?rest_route=\/wp\/v2\/types\/page"}],"author":[{"embeddable":true,"href":"http:\/\/www.windwood-und-co.de\/wordpress\/index.php?rest_route=\/wp\/v2\/users\/1"}],"replies":[{"embeddable":true,"href":"http:\/\/www.windwood-und-co.de\/wordpress\/index.php?rest_route=%2Fwp%2Fv2%2Fcomments&post=894"}],"version-history":[{"count":2,"href":"http:\/\/www.windwood-und-co.de\/wordpress\/index.php?rest_route=\/wp\/v2\/pages\/894\/revisions"}],"predecessor-version":[{"id":1655,"href":"http:\/\/www.windwood-und-co.de\/wordpress\/index.php?rest_route=\/wp\/v2\/pages\/894\/revisions\/1655"}],"wp:attachment":[{"href":"http:\/\/www.windwood-und-co.de\/wordpress\/index.php?rest_route=%2Fwp%2Fv2%2Fmedia&parent=894"}],"curies":[{"name":"wp","href":"https:\/\/api.w.org\/{rel}","templated":true}]}}