{"id":921,"date":"2019-01-28T19:47:57","date_gmt":"2019-01-28T18:47:57","guid":{"rendered":"http:\/\/www.windwood-und-co.de\/wordpress\/?page_id=921"},"modified":"2022-08-01T13:34:51","modified_gmt":"2022-08-01T11:34:51","slug":"lebenslinien","status":"publish","type":"page","link":"http:\/\/www.windwood-und-co.de\/wordpress\/?page_id=921","title":{"rendered":"Lebenslinien"},"content":{"rendered":"\n<h2 class=\"wp-block-heading\">Lebenslinien<\/h2>\n\n\n\n<p>Die biographischen Erz\u00e4hlkonzerte und\nKonzertgottesdienste, sollen die Lebensgeschichte der jeweils\nvorgestellten Protagonisten dem Publikum auf unterhaltsame Weise\nnahebringen. Um keine falschen Erwartungen zu sch\u00fcren muss eins\nvoraus geschickt werden. Ein solches Programm ist keine theologische\noder historische Pr\u00e4sentation, die sich an wissenschaftlichen\nMa\u00dfst\u00e4ben. Sie ist keine Vorlesung mit musikalischen Einlagen\nsondern im besten Wortsinn Infotainment mit christlichem Hintergrund.\n\u00c4hnlich einer Fernsehdokumentation wird die Gewichtung von\nGeschehnissen auch vor dem Hintergrund eines stimmigen\nSpannungsbogens gestaltet.<\/p>\n\n\n\n<p>Zu einigen der der Biographien gibt es\nmittlerweile auch Storybooks aus der Feder von Andreas Schuss, deren\nSprachduktus den Livererz\u00e4hlungen entnommen ist. Die Liste dieser\nkleinen B\u00fccher wird permanent erweitert.<\/p>\n\n\n\n<p>Die einzelnen Erz\u00e4hlpassagen werden\nvon passenden Instrumentalst\u00fccken musikalisch kommentiert. Dabei\nsch\u00f6pfen \u201eWindWood &amp; Co.\u201c aus einem riesigen Repertoire aus\nklassischen Melodien und Chor\u00e4len im neuen Gewand, Gospel, Spiritual\nund Klezmerthemen , Folktunes und eigenen Kompositionen.<\/p>\n\n\n\n<p><strong>Folgende Programme sind aktuell auff\u00fchrungsreif:<\/strong><\/p>\n\n\n\n<p><a href=\"http:\/\/www.windwood-und-co.de\/wordpress\/?page_id=907\" target=\"_blank\" rel=\"noreferrer noopener\" aria-label=\"Biographien von biblischen Gestalten (\u00f6ffnet in neuem Tab)\">Biographien von biblischen Gestalten<\/a><\/p>\n\n\n\n<p><a href=\"http:\/\/www.windwood-und-co.de\/wordpress\/?page_id=900\">Biographien gro\u00dfer Gestalten der Kirchgeschichte<\/a><\/p>\n\n\n\n<p><a href=\"http:\/\/www.windwood-und-co.de\/wordpress\/?page_id=898\">Besondere Programmangebote<\/a><\/p>\n\n\n\n<p><a href=\"http:\/\/www.windwood-und-co.de\/wordpress\/?page_id=1016\">zur\u00fcck<\/a><\/p>\n","protected":false},"excerpt":{"rendered":"<p>Lebenslinien Die biographischen Erz\u00e4hlkonzerte und Konzertgottesdienste, sollen die Lebensgeschichte der jeweils vorgestellten Protagonisten dem Publikum auf unterhaltsame Weise nahebringen. Um keine falschen Erwartungen zu sch\u00fcren muss eins voraus geschickt werden. Ein solches Programm ist keine theologische oder historische Pr\u00e4sentation, die sich an wissenschaftlichen Ma\u00dfst\u00e4ben. Sie ist keine Vorlesung mit musikalischen<\/p>\n","protected":false},"author":1,"featured_media":0,"parent":0,"menu_order":0,"comment_status":"closed","ping_status":"closed","template":"","meta":{"footnotes":""},"class_list":["post-921","page","type-page","status-publish","hentry"],"_links":{"self":[{"href":"http:\/\/www.windwood-und-co.de\/wordpress\/index.php?rest_route=\/wp\/v2\/pages\/921","targetHints":{"allow":["GET"]}}],"collection":[{"href":"http:\/\/www.windwood-und-co.de\/wordpress\/index.php?rest_route=\/wp\/v2\/pages"}],"about":[{"href":"http:\/\/www.windwood-und-co.de\/wordpress\/index.php?rest_route=\/wp\/v2\/types\/page"}],"author":[{"embeddable":true,"href":"http:\/\/www.windwood-und-co.de\/wordpress\/index.php?rest_route=\/wp\/v2\/users\/1"}],"replies":[{"embeddable":true,"href":"http:\/\/www.windwood-und-co.de\/wordpress\/index.php?rest_route=%2Fwp%2Fv2%2Fcomments&post=921"}],"version-history":[{"count":5,"href":"http:\/\/www.windwood-und-co.de\/wordpress\/index.php?rest_route=\/wp\/v2\/pages\/921\/revisions"}],"predecessor-version":[{"id":1799,"href":"http:\/\/www.windwood-und-co.de\/wordpress\/index.php?rest_route=\/wp\/v2\/pages\/921\/revisions\/1799"}],"wp:attachment":[{"href":"http:\/\/www.windwood-und-co.de\/wordpress\/index.php?rest_route=%2Fwp%2Fv2%2Fmedia&parent=921"}],"curies":[{"name":"wp","href":"https:\/\/api.w.org\/{rel}","templated":true}]}}