{"id":1303,"date":"2020-04-14T15:50:00","date_gmt":"2020-04-14T13:50:00","guid":{"rendered":"http:\/\/www.windwood-und-co.de\/wordpress\/?page_id=1303"},"modified":"2020-04-14T16:26:27","modified_gmt":"2020-04-14T14:26:27","slug":"unsere-cds","status":"publish","type":"page","link":"https:\/\/www.windwood-und-co.de\/wordpress\/?page_id=1303","title":{"rendered":"Unsere CDs"},"content":{"rendered":"\n<p>Im Laufe der Jahre unserer Arbeit sind viele verschieden CDs entstanden. Leider sind diese nicht immer alle verf\u00fcgbar. Folgende CDs sind zur Zeit erh\u00e4ltlich:<\/p>\n\n\n\n<p>Die Kosten betragen 15,- \u20ac pro CD, zzgl. Porto und Verpackung<\/p>\n\n\n\n<hr class=\"wp-block-separator has-text-color has-background has-very-dark-gray-background-color has-very-dark-gray-color\"\/>\n\n\n\n<h2 class=\"has-text-align-left wp-block-heading\">Vergessene Stra\u00dfen<\/h2>\n\n\n\n<p class=\"has-medium-font-size\">Instrumentalfolk aus dem Siegerland<\/p>\n\n\n\n<div class=\"wp-block-media-text alignwide is-stacked-on-mobile is-vertically-aligned-top\" style=\"grid-template-columns:42% auto\"><figure class=\"wp-block-media-text__media\"><img loading=\"lazy\" decoding=\"async\" width=\"300\" height=\"300\" src=\"http:\/\/www.windwood-und-co.de\/wordpress\/wp-content\/uploads\/2017\/03\/CD_VergesseneStra\u0192e.jpg\" alt=\"\" class=\"wp-image-19\" srcset=\"https:\/\/www.windwood-und-co.de\/wordpress\/wp-content\/uploads\/2017\/03\/CD_VergesseneStra\u0192e.jpg 300w, https:\/\/www.windwood-und-co.de\/wordpress\/wp-content\/uploads\/2017\/03\/CD_VergesseneStra\u0192e-150x150.jpg 150w\" sizes=\"auto, (max-width: 300px) 100vw, 300px\" \/><\/figure><div class=\"wp-block-media-text__content\">\n<p style=\"font-size:18px\"><strong>Titelauswahl:<\/strong><br>Fr\u00f6\u00f6h am Daach,<br>Herbst an der Sieg,<br>L\u00e4lles, Et r\u00e4\u00e4nt, <br>Westwind, <br>Sonnentanz, <br>Vergessene Stra\u00dfen, <br>Onkel Oswald, <br>Lied f\u00fcr mein M\u00e4dchen, <br>u.a.<\/p>\n<\/div><\/div>\n\n\n\n<hr class=\"wp-block-separator has-text-color has-background has-very-dark-gray-background-color has-very-dark-gray-color\"\/>\n\n\n\n<h2 class=\"wp-block-heading\">Neue Horizonte<\/h2>\n\n\n\n<p class=\"has-medium-font-size\">akustische Instrumentalmusik zwischen Klassik, Folk &amp; Pop<\/p>\n\n\n\n<div class=\"wp-block-media-text alignwide is-stacked-on-mobile is-vertically-aligned-top\" style=\"grid-template-columns:42% auto\"><figure class=\"wp-block-media-text__media\"><img loading=\"lazy\" decoding=\"async\" width=\"300\" height=\"300\" src=\"http:\/\/www.windwood-und-co.de\/wordpress\/wp-content\/uploads\/2017\/07\/CD_Neue-Horizonte.jpg\" alt=\"\" class=\"wp-image-403\" srcset=\"https:\/\/www.windwood-und-co.de\/wordpress\/wp-content\/uploads\/2017\/07\/CD_Neue-Horizonte.jpg 300w, https:\/\/www.windwood-und-co.de\/wordpress\/wp-content\/uploads\/2017\/07\/CD_Neue-Horizonte-150x150.jpg 150w\" sizes=\"auto, (max-width: 300px) 100vw, 300px\" \/><\/figure><div class=\"wp-block-media-text__content\">\n<p style=\"font-size:18px\"><strong>Titelauswahl<\/strong><br>Ohne Worte, <br>Atempause,<br>Sommertage, <br>Morgentau,<br>Campo di Miracoli,<br>Neue Horizonte<br>Der kleine Dompfaff,<br>Wolkenreise <br>u.a.<\/p>\n<\/div><\/div>\n\n\n\n<hr class=\"wp-block-separator has-text-color has-background has-very-dark-gray-background-color has-very-dark-gray-color\"\/>\n\n\n\n<h2 class=\"wp-block-heading\">Abend wird es wieder<\/h2>\n\n\n\n<p class=\"has-medium-font-size\">die sch\u00f6nsten Instrumentalballaden<\/p>\n\n\n\n<div class=\"wp-block-media-text alignwide is-stacked-on-mobile\" style=\"grid-template-columns:43% auto\"><figure class=\"wp-block-media-text__media\"><img loading=\"lazy\" decoding=\"async\" width=\"756\" height=\"756\" src=\"http:\/\/www.windwood-und-co.de\/wordpress\/wp-content\/uploads\/2020\/04\/CD_Abend-wird-es-wieder-1.jpg\" alt=\"\" class=\"wp-image-1308\" srcset=\"https:\/\/www.windwood-und-co.de\/wordpress\/wp-content\/uploads\/2020\/04\/CD_Abend-wird-es-wieder-1.jpg 756w, https:\/\/www.windwood-und-co.de\/wordpress\/wp-content\/uploads\/2020\/04\/CD_Abend-wird-es-wieder-1-300x300.jpg 300w, https:\/\/www.windwood-und-co.de\/wordpress\/wp-content\/uploads\/2020\/04\/CD_Abend-wird-es-wieder-1-150x150.jpg 150w\" sizes=\"auto, (max-width: 756px) 100vw, 756px\" \/><\/figure><div class=\"wp-block-media-text__content\">\n<p style=\"font-size:18px\"><strong>Titelauswahl:<\/strong><br>Der Tag bricht an,<br>Die beiden K\u00f6nigskinder,<br>Die Ballade vom Morgentau, <br>Schneeflocken, <br>Greensleaves, <br>Abend wird es wieder, <br>Weil du da bist, <br>Nebel im Tal,<br>u.a.<\/p>\n<\/div><\/div>\n\n\n\n<hr class=\"wp-block-separator has-text-color has-background has-very-dark-gray-background-color has-very-dark-gray-color\"\/>\n\n\n\n<h2 class=\"wp-block-heading\">Freue Dich Welt<\/h2>\n\n\n\n<p class=\"has-medium-font-size\">Festliche Weihnachtsmusik f\u00fcr Panfl\u00f6te, Saxophon &amp; Tasteninstrumente<\/p>\n\n\n\n<div class=\"wp-block-media-text alignwide is-stacked-on-mobile\" style=\"grid-template-columns:43% auto\"><figure class=\"wp-block-media-text__media\"><img loading=\"lazy\" decoding=\"async\" width=\"300\" height=\"300\" src=\"http:\/\/www.windwood-und-co.de\/wordpress\/wp-content\/uploads\/2017\/03\/CD_FreueDichWelt.jpg\" alt=\"\" class=\"wp-image-16\" srcset=\"https:\/\/www.windwood-und-co.de\/wordpress\/wp-content\/uploads\/2017\/03\/CD_FreueDichWelt.jpg 300w, https:\/\/www.windwood-und-co.de\/wordpress\/wp-content\/uploads\/2017\/03\/CD_FreueDichWelt-150x150.jpg 150w\" sizes=\"auto, (max-width: 300px) 100vw, 300px\" \/><\/figure><div class=\"wp-block-media-text__content\">\n<p style=\"font-size:18px\"><strong>Titelauswahl:<\/strong><br>Freue Dich Welt, <br>Ein Engel singt, <br>In dulci Jubilo, <br>Tochter Zion,<br>Ich steh an deiner Krippe hier, Herbei oh ihr Gl\u00e4ubigen, <br>Der Winter, Inmitten der Nacht, <br>Sinfonia Pastorale<br>u.a.<\/p>\n<\/div><\/div>\n\n\n\n<hr class=\"wp-block-separator has-text-color has-background has-very-dark-gray-background-color has-very-dark-gray-color\"\/>\n\n\n\n<h2 class=\"wp-block-heading\">Unterwegs<\/h2>\n\n\n\n<p class=\"has-medium-font-size\">Klassik &amp; Folklore aus Europa<\/p>\n\n\n\n<div class=\"wp-block-media-text alignwide is-stacked-on-mobile\" style=\"grid-template-columns:42% auto\"><figure class=\"wp-block-media-text__media\"><img loading=\"lazy\" decoding=\"async\" width=\"200\" height=\"200\" src=\"http:\/\/www.windwood-und-co.de\/wordpress\/wp-content\/uploads\/2017\/03\/CD_Unterwegs.jpg\" alt=\"CD-Cover Unterwegs, Klassik und Folklore aus Europa\" class=\"wp-image-18\" srcset=\"https:\/\/www.windwood-und-co.de\/wordpress\/wp-content\/uploads\/2017\/03\/CD_Unterwegs.jpg 200w, https:\/\/www.windwood-und-co.de\/wordpress\/wp-content\/uploads\/2017\/03\/CD_Unterwegs-150x150.jpg 150w\" sizes=\"auto, (max-width: 200px) 100vw, 200px\" \/><\/figure><div class=\"wp-block-media-text__content\">\n<p style=\"font-size:18px\"><strong>Titelauswahl:<\/strong><br>Wach auf mein Herzens Sch\u00f6ne, Rothenburc, <br>Bella Bimba, <br>Klezmer Medley, <br>Katjuscha, <br>Slovakia, <br>Les mures d&#8217;Honfleur, <br>Reisesegen<br>u.a.<\/p>\n<\/div><\/div>\n\n\n\n<p><\/p>\n","protected":false},"excerpt":{"rendered":"<p>Im Laufe der Jahre unserer Arbeit sind viele verschieden CDs entstanden. Leider sind diese nicht immer alle verf\u00fcgbar. Folgende CDs sind zur Zeit erh\u00e4ltlich: Die Kosten betragen 15,- \u20ac pro CD, zzgl. Porto und Verpackung Vergessene Stra\u00dfen Instrumentalfolk aus dem Siegerland Titelauswahl:Fr\u00f6\u00f6h am Daach,Herbst an der Sieg,L\u00e4lles, Et r\u00e4\u00e4nt, Westwind,<\/p>\n","protected":false},"author":1,"featured_media":0,"parent":0,"menu_order":0,"comment_status":"closed","ping_status":"closed","template":"","meta":{"footnotes":""},"class_list":["post-1303","page","type-page","status-publish","hentry"],"_links":{"self":[{"href":"https:\/\/www.windwood-und-co.de\/wordpress\/index.php?rest_route=\/wp\/v2\/pages\/1303","targetHints":{"allow":["GET"]}}],"collection":[{"href":"https:\/\/www.windwood-und-co.de\/wordpress\/index.php?rest_route=\/wp\/v2\/pages"}],"about":[{"href":"https:\/\/www.windwood-und-co.de\/wordpress\/index.php?rest_route=\/wp\/v2\/types\/page"}],"author":[{"embeddable":true,"href":"https:\/\/www.windwood-und-co.de\/wordpress\/index.php?rest_route=\/wp\/v2\/users\/1"}],"replies":[{"embeddable":true,"href":"https:\/\/www.windwood-und-co.de\/wordpress\/index.php?rest_route=%2Fwp%2Fv2%2Fcomments&post=1303"}],"version-history":[{"count":9,"href":"https:\/\/www.windwood-und-co.de\/wordpress\/index.php?rest_route=\/wp\/v2\/pages\/1303\/revisions"}],"predecessor-version":[{"id":1316,"href":"https:\/\/www.windwood-und-co.de\/wordpress\/index.php?rest_route=\/wp\/v2\/pages\/1303\/revisions\/1316"}],"wp:attachment":[{"href":"https:\/\/www.windwood-und-co.de\/wordpress\/index.php?rest_route=%2Fwp%2Fv2%2Fmedia&parent=1303"}],"curies":[{"name":"wp","href":"https:\/\/api.w.org\/{rel}","templated":true}]}}