{"id":147,"date":"2017-03-24T11:38:04","date_gmt":"2017-03-24T10:38:04","guid":{"rendered":"http:\/\/www.windwood-und-co.de\/wordpress\/?page_id=147"},"modified":"2021-11-18T09:25:55","modified_gmt":"2021-11-18T08:25:55","slug":"konzertgottesdienste","status":"publish","type":"page","link":"https:\/\/www.windwood-und-co.de\/wordpress\/?page_id=147","title":{"rendered":"Konzertgottesdienstablauf"},"content":{"rendered":"<h1>M\u00f6glicher Ablauf eines Konzertgottesdienstes:<\/h1>\n<p>&nbsp;<\/p>\n<p>Pr\u00e4ludium<\/p>\n<p>Begr\u00fc\u00dfung und Gebet<\/p>\n<p>1. Gemeindelied<\/p>\n<p>WindWood &amp; Co<\/p>\n<p>2. Gemeindelied<\/p>\n<p>Vater unser und Segen<\/p>\n<p>Postludium<\/p>\n<p>&nbsp;<\/p>\n","protected":false},"excerpt":{"rendered":"<p>M\u00f6glicher Ablauf eines Konzertgottesdienstes: &nbsp; Pr\u00e4ludium Begr\u00fc\u00dfung und Gebet 1. Gemeindelied WindWood &amp; Co 2. Gemeindelied Vater unser und Segen Postludium &nbsp;<\/p>\n","protected":false},"author":1,"featured_media":0,"parent":0,"menu_order":0,"comment_status":"closed","ping_status":"closed","template":"","meta":{"footnotes":""},"class_list":["post-147","page","type-page","status-publish","hentry"],"_links":{"self":[{"href":"https:\/\/www.windwood-und-co.de\/wordpress\/index.php?rest_route=\/wp\/v2\/pages\/147","targetHints":{"allow":["GET"]}}],"collection":[{"href":"https:\/\/www.windwood-und-co.de\/wordpress\/index.php?rest_route=\/wp\/v2\/pages"}],"about":[{"href":"https:\/\/www.windwood-und-co.de\/wordpress\/index.php?rest_route=\/wp\/v2\/types\/page"}],"author":[{"embeddable":true,"href":"https:\/\/www.windwood-und-co.de\/wordpress\/index.php?rest_route=\/wp\/v2\/users\/1"}],"replies":[{"embeddable":true,"href":"https:\/\/www.windwood-und-co.de\/wordpress\/index.php?rest_route=%2Fwp%2Fv2%2Fcomments&post=147"}],"version-history":[{"count":10,"href":"https:\/\/www.windwood-und-co.de\/wordpress\/index.php?rest_route=\/wp\/v2\/pages\/147\/revisions"}],"predecessor-version":[{"id":1650,"href":"https:\/\/www.windwood-und-co.de\/wordpress\/index.php?rest_route=\/wp\/v2\/pages\/147\/revisions\/1650"}],"wp:attachment":[{"href":"https:\/\/www.windwood-und-co.de\/wordpress\/index.php?rest_route=%2Fwp%2Fv2%2Fmedia&parent=147"}],"curies":[{"name":"wp","href":"https:\/\/api.w.org\/{rel}","templated":true}]}}