{"id":54,"date":"2017-07-28T12:50:33","date_gmt":"2017-07-28T10:50:33","guid":{"rendered":"http:\/\/www.windwood-und-co.de\/wordpress\/?page_id=54"},"modified":"2022-01-17T09:39:56","modified_gmt":"2022-01-17T08:39:56","slug":"hoerproben-1","status":"publish","type":"page","link":"https:\/\/www.windwood-und-co.de\/wordpress\/?page_id=54","title":{"rendered":"H\u00f6rproben"},"content":{"rendered":"\n<p class=\"wp-link-preview\">&#8222;Sommertage&#8220; von Andreas Schuss (Panfl\u00f6ten, Saxophone &amp; Klavier)<\/p>\n\n\n\n<figure class=\"wp-block-audio\"><audio controls src=\"http:\/\/www.windwood-und-co.de\/wordpress\/wp-content\/uploads\/2017\/03\/Sommertage.mp3\"><\/audio><\/figure>\n\n\n\n<hr class=\"wp-block-separator\"\/>\n\n\n\n<p class=\"wp-link-preview\">&#8222;Dubi Du&#8220; Auszug des Bourr\u00e9e von Georg Friedrich H\u00e4ndel<\/p>\n\n\n\n<figure class=\"wp-block-audio\"><audio controls src=\"http:\/\/www.windwood-und-co.de\/wordpress\/wp-content\/uploads\/2017\/03\/Saxduo.mp3\"><\/audio><\/figure>\n\n\n\n<hr class=\"wp-block-separator\"\/>\n\n\n\n<p class=\"wp-link-preview\">Lied f\u00fcr mein M\u00e4dchen (Irish Traditional)<\/p>\n\n\n\n<figure class=\"wp-block-audio\"><audio controls src=\"http:\/\/www.windwood-und-co.de\/wordpress\/wp-content\/uploads\/2017\/03\/panfl\u00c2te.mp3\"><\/audio><\/figure>\n\n\n\n<hr class=\"wp-block-separator\"\/>\n\n\n\n<p class=\"wp-link-preview\">Ausschnit aus &#8222;Der kleine Dompfaff lobt die Sch\u00f6pfung&#8220; von Andreas Schuss<\/p>\n\n\n\n<figure class=\"wp-block-audio\"><audio controls src=\"http:\/\/www.windwood-und-co.de\/wordpress\/wp-content\/uploads\/2017\/03\/Dompfaff.mp3\"><\/audio><\/figure>\n\n\n\n<hr class=\"wp-block-separator\"\/>\n\n\n\n<p class=\"wp-link-preview\">Nebel im Tal (Irish Traditional)<\/p>\n\n\n\n<figure class=\"wp-block-audio\"><audio controls src=\"http:\/\/www.windwood-und-co.de\/wordpress\/wp-content\/uploads\/2017\/03\/HarfeKontrabass.mp3\"><\/audio><\/figure>\n\n\n\n<hr class=\"wp-block-separator\"\/>\n\n\n\n<p><\/p>\n","protected":false},"excerpt":{"rendered":"<p>&#8222;Sommertage&#8220; von Andreas Schuss (Panfl\u00f6ten, Saxophone &amp; Klavier) &#8222;Dubi Du&#8220; Auszug des Bourr\u00e9e von Georg Friedrich H\u00e4ndel Lied f\u00fcr mein M\u00e4dchen (Irish Traditional) Ausschnit aus &#8222;Der kleine Dompfaff lobt die Sch\u00f6pfung&#8220; von Andreas Schuss Nebel im Tal (Irish Traditional)<\/p>\n","protected":false},"author":1,"featured_media":0,"parent":0,"menu_order":0,"comment_status":"closed","ping_status":"closed","template":"","meta":{"footnotes":""},"class_list":["post-54","page","type-page","status-publish","hentry"],"_links":{"self":[{"href":"https:\/\/www.windwood-und-co.de\/wordpress\/index.php?rest_route=\/wp\/v2\/pages\/54","targetHints":{"allow":["GET"]}}],"collection":[{"href":"https:\/\/www.windwood-und-co.de\/wordpress\/index.php?rest_route=\/wp\/v2\/pages"}],"about":[{"href":"https:\/\/www.windwood-und-co.de\/wordpress\/index.php?rest_route=\/wp\/v2\/types\/page"}],"author":[{"embeddable":true,"href":"https:\/\/www.windwood-und-co.de\/wordpress\/index.php?rest_route=\/wp\/v2\/users\/1"}],"replies":[{"embeddable":true,"href":"https:\/\/www.windwood-und-co.de\/wordpress\/index.php?rest_route=%2Fwp%2Fv2%2Fcomments&post=54"}],"version-history":[{"count":9,"href":"https:\/\/www.windwood-und-co.de\/wordpress\/index.php?rest_route=\/wp\/v2\/pages\/54\/revisions"}],"predecessor-version":[{"id":1708,"href":"https:\/\/www.windwood-und-co.de\/wordpress\/index.php?rest_route=\/wp\/v2\/pages\/54\/revisions\/1708"}],"wp:attachment":[{"href":"https:\/\/www.windwood-und-co.de\/wordpress\/index.php?rest_route=%2Fwp%2Fv2%2Fmedia&parent=54"}],"curies":[{"name":"wp","href":"https:\/\/api.w.org\/{rel}","templated":true}]}}