{"id":890,"date":"2019-01-22T20:08:07","date_gmt":"2019-01-22T19:08:07","guid":{"rendered":"http:\/\/www.windwood-und-co.de\/wordpress\/?page_id=890"},"modified":"2021-09-11T12:35:29","modified_gmt":"2021-09-11T10:35:29","slug":"festliche-instrumentalmusik-fuer-hochzeiten-ehejubilaeen","status":"publish","type":"page","link":"https:\/\/www.windwood-und-co.de\/wordpress\/?page_id=890","title":{"rendered":"Hochzeiten &#038; Ehejubil\u00e4en"},"content":{"rendered":"\n<h2 class=\"wp-block-heading\">Festliche Instrumentalmusik f\u00fcr Hochzeiten &amp; Ehejubil\u00e4en<\/h2>\n\n\n\n<p>Eine Kirchliche Trauung ist ein ganz\nbesonderer Moment im Leben von zwei Menschen<\/p>\n\n\n\n<p>Vanessa Feilen und Andreas Schuss,\nselbst seit f\u00fcnf Jahren miteinander verheiratet, wissen nicht nur um\ndie Bedeutung der Zeremonie, sie sind auch in der Lage mit festlicher\nInstrumentalmusik die Trauung noch ein bisschen festlicher zu\ngestalten.<\/p>\n\n\n\n<p>Auf Panfl\u00f6te, Saxophon, Klarinette\noder Harfe \u2013 untermalt von Klavier oder Orgelbegleitung intonieren\nsie zum Einzug des Brautpaares, bei Auszug und auch innerhalb des\nGottesdienstes Melodien, die von den Brautleuten gew\u00fcnscht und der\nZeremonie Zauber und Glanz verleihen.<\/p>\n\n\n\n<p>Neben den bekannten klassischen Themen\nwie \u201eHochzeitsmarsch\u201c, \u201eJesu bleibet meine Freude\u201c oder \u201eAve\nMaria\u201c sind auch moderne St\u00fccke wie \u201eOne Moment in time\u201c,\n\u201eGut, dass wir einander haben\u201c oder Ed Sheerans \u201ePerfect\u201c als\nInstrumentalbearbeitungen m\u00f6glich. Die Musiker gehen hier gerne auf\nW\u00fcnsche ein.<\/p>\n\n\n\n<p>Der besondere Service: Begleitung der\nGemeindelieder und Gesangsunterst\u00fctzung. Gerade bei kleinen\nHochzeitsgesellschaften f\u00e4llt der Gemeindegesang oft ein wenig\nschmallippig aus.Hhier bieten \u201eWindWood &amp; Co\u201c einen\nbesonderen Service. Gemeinsam mit ein oder zwei erfahrenen\nChors\u00e4ngerinnen begleiten die Musiker den Gemeindegesang nicht nur,\nsie f\u00fcllen den Gemeindegesang so auf, dass den Hochzeitsg\u00e4sten das\nMitsingen so richtig Spa\u00df macht.<\/p>\n\n\n\n<p>Ehejubil\u00e4en mit einem Gottesdienst zu\nfeiern ist in den letzten Jahren popul\u00e4r geworden. Auch hier bieten\nVanessa Feilen und Andreas Schuss eine besondere M\u00f6glichkeit.\nAnstatt eines gro\u00dfen Gottesdienstes kann es ja auch eine festliche\nAndacht sein. Und diese muss ja nicht zwangsl\u00e4ufig in einer Kirche\nstattfinden, sondern in die Feier im Restaurant oder\nVeranstaltungsraum integriert werden. Gerne \u00fcbernimmt Andreas Schuss\nauch theologische Ausgestaltung und\/oder ein Tischgebet. Wird bei\neiner solchen Feier anschlie\u00dfend Tisch, Unterhaltungs- oder\ngepflegte Tanzmusik ben\u00f6tigt, so k\u00f6nnen Vanessa Feilen und Andreas\nSchuss mit ihrem Partnerprojekt \u201eacoustic-evergreens\u201c einen\nflie\u00dfenden \u00dcbergang gute Stimmung bei dezenter Lautst\u00e4rke\ngew\u00e4hrleisten.<\/p>\n\n\n\n<p>Auch bei besonderen Geburtstagen sind\nsolche musikalischen Andachten und Minigottesdienste eine sch\u00f6ne\nGelegenheit sich dankbar des Segens zu erinnern, der einem zu Teil\ngeworden ist.<\/p>\n","protected":false},"excerpt":{"rendered":"<p>Festliche Instrumentalmusik f\u00fcr Hochzeiten &amp; Ehejubil\u00e4en Eine Kirchliche Trauung ist ein ganz besonderer Moment im Leben von zwei Menschen Vanessa Feilen und Andreas Schuss, selbst seit f\u00fcnf Jahren miteinander verheiratet, wissen nicht nur um die Bedeutung der Zeremonie, sie sind auch in der Lage mit festlicher Instrumentalmusik die Trauung noch<\/p>\n","protected":false},"author":1,"featured_media":0,"parent":0,"menu_order":0,"comment_status":"closed","ping_status":"closed","template":"","meta":{"footnotes":""},"class_list":["post-890","page","type-page","status-publish","hentry"],"_links":{"self":[{"href":"https:\/\/www.windwood-und-co.de\/wordpress\/index.php?rest_route=\/wp\/v2\/pages\/890","targetHints":{"allow":["GET"]}}],"collection":[{"href":"https:\/\/www.windwood-und-co.de\/wordpress\/index.php?rest_route=\/wp\/v2\/pages"}],"about":[{"href":"https:\/\/www.windwood-und-co.de\/wordpress\/index.php?rest_route=\/wp\/v2\/types\/page"}],"author":[{"embeddable":true,"href":"https:\/\/www.windwood-und-co.de\/wordpress\/index.php?rest_route=\/wp\/v2\/users\/1"}],"replies":[{"embeddable":true,"href":"https:\/\/www.windwood-und-co.de\/wordpress\/index.php?rest_route=%2Fwp%2Fv2%2Fcomments&post=890"}],"version-history":[{"count":5,"href":"https:\/\/www.windwood-und-co.de\/wordpress\/index.php?rest_route=\/wp\/v2\/pages\/890\/revisions"}],"predecessor-version":[{"id":1575,"href":"https:\/\/www.windwood-und-co.de\/wordpress\/index.php?rest_route=\/wp\/v2\/pages\/890\/revisions\/1575"}],"wp:attachment":[{"href":"https:\/\/www.windwood-und-co.de\/wordpress\/index.php?rest_route=%2Fwp%2Fv2%2Fmedia&parent=890"}],"curies":[{"name":"wp","href":"https:\/\/api.w.org\/{rel}","templated":true}]}}