{"id":943,"date":"2019-01-29T13:02:44","date_gmt":"2019-01-29T12:02:44","guid":{"rendered":"http:\/\/www.windwood-und-co.de\/wordpress\/?page_id=943"},"modified":"2021-09-11T12:34:54","modified_gmt":"2021-09-11T10:34:54","slug":"festlich-wuerdig","status":"publish","type":"page","link":"https:\/\/www.windwood-und-co.de\/wordpress\/?page_id=943","title":{"rendered":"Trauerfeiern"},"content":{"rendered":"\n<h2 class=\"wp-block-heading\"><strong>W\u00fcrdige Kl\u00e4nge auf dem letzten Weg&#8230;.<\/strong> <\/h2>\n\n\n\n<p>Eine Trauerfeier ist eine emotional aufgeladene Situation. Der angemessenen musikalischen Umrahmung dieses Abschieds kommt deshalb eine gro\u00dfe Bedeutung zu. Die beiden Multi-Instrumentalisten Vanessa Feilen-Schuss und Andreas Schuss haben sich ein gro\u00dfes, dem Anlass angemessenes Repertoire w\u00fcrdevoller Instrumentalst\u00fccke erarbeitet. Somit bietet sich den Hinterbliebenen die M\u00f6glichkeit, die Trauerfeier sehr individuell zu gestalten, wobei Feilen und Schuss eng mit den jeweiligen Geistlichen, Trauerrednern und  Bestattungsunternehmen kooperieren. Das Repertoire des Duos ist dabei  nicht auf geistliche Musik beschr\u00e4nkt, sondern beinhaltet auch Kl\u00e4nge  aus Jazz, Folklore oder Popularmusik. <\/p>\n\n\n\n<p>Die meisten Trauerfeiern haben einen gottesdienstlichen Charakter, oder sind in ihrem Ablauf einer liturgischen Handlung entlehnt. Sie finden \u00fcblicherweise in den Aussegnungshallen der Friedh\u00f6fe oder in Kirchen statt.  Der Akustik solcher R\u00e4ume angemessen musizieren Vanessa Feilen-Schuss und Andreas Schuss  im Regelfall rein akustisch. Das wichtigste Instrument bei der musikalischen Gestaltung ist die Harfe, die als F\u00fchrungsinstrument (in Kombination mit dem Kontrabass) oder als   Begleitinstrument (mit Klarinette, Saxophon oder Fl\u00f6te) eingesetzt wird.     <\/p>\n\n\n\n<p>Bedingt durch die oftmals eher beengten\nPlatzverh\u00e4ltnisse nutzt Andreas Schuss bei Trauerfeiern eine etwas\nkompaktere Harfe ohne Suboktave. Alternativ kann auf Wunsch auch ein\nE-Piano mit eingebautem Lautsprecher eingesetzt werden. \n<\/p>\n\n\n\n<p><strong>F\u00fcr Trauerfeiern in der Natur<\/strong> setzt das Duo \u00fcblicherweise eine Kombination von Panfl\u00f6te und Gitarre ein, was auch Musizieren direkt am Grab oder im Friedwald erm\u00f6glicht.<\/p>\n\n\n\n<p>Neben Vortragsst\u00fccken \u00fcbernimmt das Duo auch gerne die Begleitung der Gemeindelieder und die Hintergrundmusik beim Eintreffen der Trauerg\u00e4ste.  <\/p>\n","protected":false},"excerpt":{"rendered":"<p>W\u00fcrdige Kl\u00e4nge auf dem letzten Weg&#8230;. Eine Trauerfeier ist eine emotional aufgeladene Situation. Der angemessenen musikalischen Umrahmung dieses Abschieds kommt deshalb eine gro\u00dfe Bedeutung zu. Die beiden Multi-Instrumentalisten Vanessa Feilen-Schuss und Andreas Schuss haben sich ein gro\u00dfes, dem Anlass angemessenes Repertoire w\u00fcrdevoller Instrumentalst\u00fccke erarbeitet. Somit bietet sich den Hinterbliebenen die<\/p>\n","protected":false},"author":1,"featured_media":0,"parent":0,"menu_order":0,"comment_status":"closed","ping_status":"closed","template":"","meta":{"footnotes":""},"class_list":["post-943","page","type-page","status-publish","hentry"],"_links":{"self":[{"href":"https:\/\/www.windwood-und-co.de\/wordpress\/index.php?rest_route=\/wp\/v2\/pages\/943","targetHints":{"allow":["GET"]}}],"collection":[{"href":"https:\/\/www.windwood-und-co.de\/wordpress\/index.php?rest_route=\/wp\/v2\/pages"}],"about":[{"href":"https:\/\/www.windwood-und-co.de\/wordpress\/index.php?rest_route=\/wp\/v2\/types\/page"}],"author":[{"embeddable":true,"href":"https:\/\/www.windwood-und-co.de\/wordpress\/index.php?rest_route=\/wp\/v2\/users\/1"}],"replies":[{"embeddable":true,"href":"https:\/\/www.windwood-und-co.de\/wordpress\/index.php?rest_route=%2Fwp%2Fv2%2Fcomments&post=943"}],"version-history":[{"count":3,"href":"https:\/\/www.windwood-und-co.de\/wordpress\/index.php?rest_route=\/wp\/v2\/pages\/943\/revisions"}],"predecessor-version":[{"id":1574,"href":"https:\/\/www.windwood-und-co.de\/wordpress\/index.php?rest_route=\/wp\/v2\/pages\/943\/revisions\/1574"}],"wp:attachment":[{"href":"https:\/\/www.windwood-und-co.de\/wordpress\/index.php?rest_route=%2Fwp%2Fv2%2Fmedia&parent=943"}],"curies":[{"name":"wp","href":"https:\/\/api.w.org\/{rel}","templated":true}]}}