{"id":976,"date":"2019-01-29T13:36:39","date_gmt":"2019-01-29T12:36:39","guid":{"rendered":"http:\/\/www.windwood-und-co.de\/wordpress\/?page_id=976"},"modified":"2026-02-03T12:06:54","modified_gmt":"2026-02-03T11:06:54","slug":"herzlich-willkommen-2","status":"publish","type":"page","link":"https:\/\/www.windwood-und-co.de\/wordpress\/","title":{"rendered":"Start"},"content":{"rendered":"\n<h2 class=\"wp-block-heading\">Herzlich Willkommen bei  <br>WindWood &amp; Co &#8211; den Spielleuten Gottes  <\/h2>\n\n\n\n<p>bei uns dreht sich alles um Musik und Geschichte(n).  Dabei haben alle unsere Auftritte ein klares Konzept: Instrumentalst\u00fccke auf Panfl\u00f6te, Saxophon, Klarinette, Klavier  und Harfe werden durch passende Zwischentexte verbunden  geben den Zuh\u00f6rern die M\u00f6glicht nach im Zwischenraum  zwischen Wort und Klang die Seele durchatmen zu lassen.   <\/p>\n\n\n\n<div class=\"wp-block-columns is-layout-flex wp-container-core-columns-is-layout-9d6595d7 wp-block-columns-is-layout-flex\">\n<div class=\"wp-block-column is-layout-flow wp-block-column-is-layout-flow\">\n<figure class=\"wp-block-image size-large\"><a href=\"https:\/\/www.windwood-und-co.de\/wordpress\/wp-content\/uploads\/2026\/02\/Info-Jahreslosungsprogramm-2026.pdf\"><img loading=\"lazy\" decoding=\"async\" width=\"1024\" height=\"951\" src=\"http:\/\/www.windwood-und-co.de\/wordpress\/wp-content\/uploads\/2026\/02\/IMG_20260203_101723-1024x951.jpg\" alt=\"\" class=\"wp-image-1967\" srcset=\"https:\/\/www.windwood-und-co.de\/wordpress\/wp-content\/uploads\/2026\/02\/IMG_20260203_101723-1024x951.jpg 1024w, https:\/\/www.windwood-und-co.de\/wordpress\/wp-content\/uploads\/2026\/02\/IMG_20260203_101723-300x279.jpg 300w, https:\/\/www.windwood-und-co.de\/wordpress\/wp-content\/uploads\/2026\/02\/IMG_20260203_101723-768x714.jpg 768w, https:\/\/www.windwood-und-co.de\/wordpress\/wp-content\/uploads\/2026\/02\/IMG_20260203_101723-1536x1427.jpg 1536w, https:\/\/www.windwood-und-co.de\/wordpress\/wp-content\/uploads\/2026\/02\/IMG_20260203_101723.jpg 1890w\" sizes=\"auto, (max-width: 1024px) 100vw, 1024px\" \/><\/a><\/figure>\n<\/div>\n\n\n\n<div class=\"wp-block-column is-layout-flow wp-block-column-is-layout-flow\">\n<figure class=\"wp-block-image size-large\"><img loading=\"lazy\" decoding=\"async\" width=\"1024\" height=\"1024\" src=\"http:\/\/www.windwood-und-co.de\/wordpress\/wp-content\/uploads\/2026\/02\/IMG_20260203_112602-1024x1024.jpg\" alt=\"\" class=\"wp-image-1977\" srcset=\"https:\/\/www.windwood-und-co.de\/wordpress\/wp-content\/uploads\/2026\/02\/IMG_20260203_112602-1024x1024.jpg 1024w, https:\/\/www.windwood-und-co.de\/wordpress\/wp-content\/uploads\/2026\/02\/IMG_20260203_112602-300x300.jpg 300w, https:\/\/www.windwood-und-co.de\/wordpress\/wp-content\/uploads\/2026\/02\/IMG_20260203_112602-150x150.jpg 150w, https:\/\/www.windwood-und-co.de\/wordpress\/wp-content\/uploads\/2026\/02\/IMG_20260203_112602-768x768.jpg 768w, https:\/\/www.windwood-und-co.de\/wordpress\/wp-content\/uploads\/2026\/02\/IMG_20260203_112602-1536x1536.jpg 1536w, https:\/\/www.windwood-und-co.de\/wordpress\/wp-content\/uploads\/2026\/02\/IMG_20260203_112602-2048x2048.jpg 2048w\" sizes=\"auto, (max-width: 1024px) 100vw, 1024px\" \/><\/figure>\n<\/div>\n\n\n\n<div class=\"wp-block-column is-layout-flow wp-block-column-is-layout-flow\">\n<figure class=\"wp-block-image size-large\"><img loading=\"lazy\" decoding=\"async\" width=\"1024\" height=\"984\" src=\"http:\/\/www.windwood-und-co.de\/wordpress\/wp-content\/uploads\/2025\/03\/Hindelang-Abba-bis-Vivaldi-September-2025-scaled-e1770116331212-1024x984.jpg\" alt=\"\" class=\"wp-image-1950\" srcset=\"https:\/\/www.windwood-und-co.de\/wordpress\/wp-content\/uploads\/2025\/03\/Hindelang-Abba-bis-Vivaldi-September-2025-scaled-e1770116331212-1024x984.jpg 1024w, https:\/\/www.windwood-und-co.de\/wordpress\/wp-content\/uploads\/2025\/03\/Hindelang-Abba-bis-Vivaldi-September-2025-scaled-e1770116331212-300x288.jpg 300w, https:\/\/www.windwood-und-co.de\/wordpress\/wp-content\/uploads\/2025\/03\/Hindelang-Abba-bis-Vivaldi-September-2025-scaled-e1770116331212-768x738.jpg 768w, https:\/\/www.windwood-und-co.de\/wordpress\/wp-content\/uploads\/2025\/03\/Hindelang-Abba-bis-Vivaldi-September-2025-scaled-e1770116331212-1536x1477.jpg 1536w, https:\/\/www.windwood-und-co.de\/wordpress\/wp-content\/uploads\/2025\/03\/Hindelang-Abba-bis-Vivaldi-September-2025-scaled-e1770116331212.jpg 1810w\" sizes=\"auto, (max-width: 1024px) 100vw, 1024px\" \/><\/figure>\n<\/div>\n<\/div>\n\n\n\n<p class=\"has-text-align-center has-large-font-size\"><strong><a href=\"https:\/\/www.windwood-und-co.de\/wordpress\/?p=1968\" data-type=\"post\" data-id=\"1968\">Alles auf Anfang<\/a> <\/strong><br>ein Gottesdienst zur Jahreslosung 2026 <br>mit Musik, Humor und einer Botschaft <br>voller Mut und Hoffnung<\/p>\n\n\n<div class=\"wp-block-image\">\n<figure class=\"aligncenter size-medium\"><img loading=\"lazy\" decoding=\"async\" width=\"300\" height=\"279\" src=\"https:\/\/www.windwood-und-co.de\/wordpress\/wp-content\/uploads\/2026\/02\/IMG_20260203_101723-300x279.jpg\" alt=\"\" class=\"wp-image-1967\" srcset=\"https:\/\/www.windwood-und-co.de\/wordpress\/wp-content\/uploads\/2026\/02\/IMG_20260203_101723-300x279.jpg 300w, https:\/\/www.windwood-und-co.de\/wordpress\/wp-content\/uploads\/2026\/02\/IMG_20260203_101723-1024x951.jpg 1024w, https:\/\/www.windwood-und-co.de\/wordpress\/wp-content\/uploads\/2026\/02\/IMG_20260203_101723-768x714.jpg 768w, https:\/\/www.windwood-und-co.de\/wordpress\/wp-content\/uploads\/2026\/02\/IMG_20260203_101723-1536x1427.jpg 1536w, https:\/\/www.windwood-und-co.de\/wordpress\/wp-content\/uploads\/2026\/02\/IMG_20260203_101723.jpg 1890w\" sizes=\"auto, (max-width: 300px) 100vw, 300px\" \/><\/figure>\n<\/div>\n\n\n<div style=\"height:50px\" aria-hidden=\"true\" class=\"wp-block-spacer\"><\/div>\n\n\n\n<h1 class=\"wp-block-heading has-text-align-center\">NEU: Von ABBA bis Vivaldi  <br><a href=\"https:\/\/www.windwood-und-co.de\/wordpress\/?p=1951\" data-type=\"post\" data-id=\"1951\">[weitere Infos]<\/a><\/h1>\n\n\n\n<div style=\"height:50px\" aria-hidden=\"true\" class=\"wp-block-spacer\"><\/div>\n\n\n\n<p>Unsere Auftritte sind in drei Bereiche\nunterteilt<\/p>\n\n\n\n<p><a href=\"http:\/\/www.windwood-und-co.de\/wordpress\/?page_id=921\"><strong>Lebenslinien \u2013 Konzertgottesdienste<\/strong><\/a> <br>hier werden die Biographien biblischer Gestalten und  gro\u00dfer M\u00e4nner und Frauen der Kirchengeschichte erz\u00e4hlt <\/p>\n\n\n\n<p><a href=\"http:\/\/www.windwood-und-co.de\/wordpress\/?page_id=286\"><strong>Festliche Kl\u00e4nge \u2013 Musik f\u00fcr Zermonien <\/strong><\/a><br>Bei manchen Veranstaltungen wie Hochzeiten, Jubil\u00e4en  aber auch bei Trauerfeiern oder Gedenkgottesdiensten   werden besondere Kl\u00e4nge ben\u00f6tigt&#8230; <\/p>\n\n\n\n<p>Speziell f\u00fcr Kulturveranstalter und Kleinkunstb\u00fchnen  gibt es ein neues Angebot, das den Kirchenmusikalischen  Bereich \u00fcberschreitet <\/p>\n\n\n\n<p><a href=\"http:\/\/www.windwood-und-co.de\/wordpress\/?page_id=937\"><strong>Melodies and fairytales<\/strong><\/a><strong> <\/strong><br>M\u00e4rchen, Fabeln und Legenden verbunden durch  Instrumentalmusik \u2013 Kleinkunst der anderen Art   <br>Das Programm ist f\u00fcr Erwachsens konzipiert,  es gibt allerdings auch eine kindgerechte Version<\/p>\n\n\n\n<p>Eine ausf\u00fcrliche Beschreibung des Duos gibt es <a href=\"http:\/\/www.windwood-und-co.de\/wordpress\/?p=983\"> hier <\/a><\/p>\n\n\n\n<p><br><\/p>\n","protected":false},"excerpt":{"rendered":"<p>Herzlich Willkommen bei WindWood &amp; Co &#8211; den Spielleuten Gottes bei uns dreht sich alles um Musik und Geschichte(n). Dabei haben alle unsere Auftritte ein klares Konzept: Instrumentalst\u00fccke auf Panfl\u00f6te, Saxophon, Klarinette, Klavier und Harfe werden durch passende Zwischentexte verbunden geben den Zuh\u00f6rern die M\u00f6glicht nach im Zwischenraum zwischen Wort<\/p>\n","protected":false},"author":1,"featured_media":0,"parent":0,"menu_order":0,"comment_status":"closed","ping_status":"closed","template":"","meta":{"footnotes":""},"class_list":["post-976","page","type-page","status-publish","hentry"],"_links":{"self":[{"href":"https:\/\/www.windwood-und-co.de\/wordpress\/index.php?rest_route=\/wp\/v2\/pages\/976","targetHints":{"allow":["GET"]}}],"collection":[{"href":"https:\/\/www.windwood-und-co.de\/wordpress\/index.php?rest_route=\/wp\/v2\/pages"}],"about":[{"href":"https:\/\/www.windwood-und-co.de\/wordpress\/index.php?rest_route=\/wp\/v2\/types\/page"}],"author":[{"embeddable":true,"href":"https:\/\/www.windwood-und-co.de\/wordpress\/index.php?rest_route=\/wp\/v2\/users\/1"}],"replies":[{"embeddable":true,"href":"https:\/\/www.windwood-und-co.de\/wordpress\/index.php?rest_route=%2Fwp%2Fv2%2Fcomments&post=976"}],"version-history":[{"count":27,"href":"https:\/\/www.windwood-und-co.de\/wordpress\/index.php?rest_route=\/wp\/v2\/pages\/976\/revisions"}],"predecessor-version":[{"id":1985,"href":"https:\/\/www.windwood-und-co.de\/wordpress\/index.php?rest_route=\/wp\/v2\/pages\/976\/revisions\/1985"}],"wp:attachment":[{"href":"https:\/\/www.windwood-und-co.de\/wordpress\/index.php?rest_route=%2Fwp%2Fv2%2Fmedia&parent=976"}],"curies":[{"name":"wp","href":"https:\/\/api.w.org\/{rel}","templated":true}]}}